{"id":168,"date":"2023-12-20T22:27:30","date_gmt":"2023-12-20T22:27:30","guid":{"rendered":"https:\/\/fervent-mcclintock.92-205-105-197.plesk.page\/?page_id=168"},"modified":"2024-01-11T21:41:03","modified_gmt":"2024-01-11T21:41:03","slug":"vpis","status":"publish","type":"page","link":"https:\/\/fervent-mcclintock.92-205-105-197.plesk.page\/index.php\/vpis\/","title":{"rendered":"Vpis"},"content":{"rendered":"\t\t<div data-elementor-type=\"wp-page\" data-elementor-id=\"168\" class=\"elementor elementor-168\" data-elementor-post-type=\"page\">\n\t\t\t\t<div class=\"elementor-element elementor-element-c8ca17a e-flex e-con-boxed e-con e-parent\" data-id=\"c8ca17a\" data-element_type=\"container\">\n\t\t\t\t\t<div class=\"e-con-inner\">\n\t\t<div class=\"elementor-element elementor-element-dfbeca2 e-con-full e-flex e-con e-child\" data-id=\"dfbeca2\" data-element_type=\"container\">\n\t\t\t\t<div class=\"elementor-element elementor-element-97132a9 elementor-widget elementor-widget-heading\" data-id=\"97132a9\" data-element_type=\"widget\" data-widget_type=\"heading.default\">\n\t\t\t\t<div class=\"elementor-widget-container\">\n\t\t\t<h2 class=\"elementor-heading-title elementor-size-default\">pridru\u017ei se nam<\/h2>\t\t<\/div>\n\t\t\t\t<\/div>\n\t\t\t\t<\/div>\n\t\t\t\t\t<\/div>\n\t\t\t\t<\/div>\n\t\t<div class=\"elementor-element elementor-element-c0b33c9 e-flex e-con-boxed e-con e-parent\" data-id=\"c0b33c9\" data-element_type=\"container\">\n\t\t\t\t\t<div class=\"e-con-inner\">\n\t\t<div class=\"elementor-element elementor-element-b295ba3 e-con-full e-flex elementor-invisible e-con e-child\" data-id=\"b295ba3\" data-element_type=\"container\" data-settings=\"{&quot;animation&quot;:&quot;fadeInDown&quot;}\">\n\t\t\t\t<div class=\"elementor-element elementor-element-45a47a0 elementor-widget elementor-widget-elementskit-heading\" data-id=\"45a47a0\" data-element_type=\"widget\" data-widget_type=\"elementskit-heading.default\">\n\t\t\t\t<div class=\"elementor-widget-container\">\n\t\t\t<div class=\"ekit-wid-con\" ><div class=\"ekit-heading elementskit-section-title-wraper text_left   ekit_heading_tablet-   ekit_heading_mobile-\"><h4 class=\"ekit-heading--title elementskit-section-title \">Vabimo te, da Postane\u0161 <span><span>Del<\/span><\/span> Na\u0161e Smu\u010darske <span><span>Dru\u017eine!<\/span><\/span><\/h4><\/div><\/div>\t\t<\/div>\n\t\t\t\t<\/div>\n\t\t\t\t<div class=\"elementor-element elementor-element-2acae73 elementor-widget elementor-widget-text-editor\" data-id=\"2acae73\" data-element_type=\"widget\" data-widget_type=\"text-editor.default\">\n\t\t\t\t<div class=\"elementor-widget-container\">\n\t\t\t\t\t\t\t<p>Se \u017eeli\u0161 podati na smu\u010darske strmine v vzdu\u0161ju prijateljstva, \u0161portnega duha in odli\u010dnih rezultatov? Pridru\u017ei se Alpskemu smu\u010darskemu klubu Fu\u017einar (ASK) &#8211; domu smu\u010darskih navdu\u0161encev in bodo\u010dih \u0161portnih junakov!<\/p><p><strong>Zakaj postati del ASK Fu\u017einar dru\u017eine?<\/strong><\/p><ul><li>Do\u017eivi tradicijo: S 100-letno zgodovino smo ponosni nosilci smu\u010darske dedi\u0161\u010dine.<\/li><li>Razvijaj svoj smu\u010darski talent: Strokovno vodenje in usmerjanje vseh starostnih skupin.<\/li><li>Tekmovalnost in rekreativnost: Ne glede na raven izku\u0161enj, smo odprti za vse, ki u\u017eivate v smu\u010danju.<\/li><li>Prijateljstvo in skupnost: ASK Fu\u017einar ni le klub, temve\u010d dru\u017eina smu\u010darskih navdu\u0161encev.<\/li><\/ul><p><strong>Kdo se lahko pridru\u017ei?<\/strong> \u010clani od <strong>U 4 do U 16<\/strong> so vabljeni, da delijo svojo strast do smu\u010danja v na\u0161em klubu. Otroci bodo dele\u017eni posebne pozornosti v razli\u010dnih starostnih skupinah, kjer se razvijajo smu\u010darske ve\u0161\u010dine, tekmovalni duh in \u0161portno znanje.<\/p><p><strong>Kako se pridru\u017eiti?<\/strong> Enostavno izpolni pristopno izjavo na na\u0161i spletni strani ali nas kontaktiraj preko e-po\u0161te na <a target=\"_new\">info@ask-fuzinar.si<\/a>. Veselimo se tvojega prihoda na strmine, kjer skupaj ustvarjamo nepozabne smu\u010darske trenutke!<\/p><p>Naj bo zima polna smu\u010darskih u\u017eitkov in novih prijateljstev! \u26f7\ufe0f\u2744\ufe0f<\/p>\t\t\t\t\t\t<\/div>\n\t\t\t\t<\/div>\n\t\t\t\t<\/div>\n\t\t<div class=\"elementor-element elementor-element-ba09d27 e-flex e-con-boxed e-con e-child\" data-id=\"ba09d27\" data-element_type=\"container\" data-settings=\"{&quot;background_background&quot;:&quot;classic&quot;}\">\n\t\t\t\t\t<div class=\"e-con-inner\">\n\t\t\t\t<div class=\"elementor-element elementor-element-1ed0d98 elementor-button-align-start formaspod elementor-widget elementor-widget-form\" data-id=\"1ed0d98\" data-element_type=\"widget\" data-settings=\"{&quot;step_next_label&quot;:&quot;Next&quot;,&quot;step_previous_label&quot;:&quot;Previous&quot;,&quot;button_width&quot;:&quot;100&quot;,&quot;step_type&quot;:&quot;number_text&quot;,&quot;step_icon_shape&quot;:&quot;circle&quot;}\" data-widget_type=\"form.default\">\n\t\t\t\t<div class=\"elementor-widget-container\">\n\t\t\t\t\t<form class=\"elementor-form\" method=\"post\" name=\"prijavnica naslovna\">\n\t\t\t<input type=\"hidden\" name=\"post_id\" value=\"168\"\/>\n\t\t\t<input type=\"hidden\" name=\"form_id\" value=\"1ed0d98\"\/>\n\t\t\t<input type=\"hidden\" name=\"referer_title\" value=\"ASK Fu\u017einar\" \/>\n\n\t\t\t\n\t\t\t<div class=\"elementor-form-fields-wrapper elementor-labels-above\">\n\t\t\t\t\t\t\t\t<div class=\"elementor-field-type-text elementor-field-group elementor-column elementor-field-group-name elementor-col-50 elementor-field-required\">\n\t\t\t\t\t\t\t\t\t\t\t\t<label for=\"form-field-name\" class=\"elementor-field-label\">\n\t\t\t\t\t\t\t\tIme in priimek\t\t\t\t\t\t\t<\/label>\n\t\t\t\t\t\t\t\t\t\t\t\t\t\t<input size=\"1\" type=\"text\" name=\"form_fields[name]\" id=\"form-field-name\" class=\"elementor-field elementor-size-sm  elementor-field-textual\" required=\"required\" aria-required=\"true\">\n\t\t\t\t\t\t\t\t\t\t\t<\/div>\n\t\t\t\t\t\t\t\t<div class=\"elementor-field-type-email elementor-field-group elementor-column elementor-field-group-field_f960a27 elementor-col-50 elementor-field-required\">\n\t\t\t\t\t\t\t\t\t\t\t\t<label for=\"form-field-field_f960a27\" class=\"elementor-field-label\">\n\t\t\t\t\t\t\t\tE-po\u0161ta\t\t\t\t\t\t\t<\/label>\n\t\t\t\t\t\t\t\t\t\t\t\t\t\t<input size=\"1\" type=\"email\" name=\"form_fields[field_f960a27]\" id=\"form-field-field_f960a27\" class=\"elementor-field elementor-size-sm  elementor-field-textual\" required=\"required\" aria-required=\"true\">\n\t\t\t\t\t\t\t\t\t\t\t<\/div>\n\t\t\t\t\t\t\t\t<div class=\"elementor-field-type-text elementor-field-group elementor-column elementor-field-group-field_e4ebc0d elementor-col-50\">\n\t\t\t\t\t\t\t\t\t\t\t\t<label for=\"form-field-field_e4ebc0d\" class=\"elementor-field-label\">\n\t\t\t\t\t\t\t\tTelefon\t\t\t\t\t\t\t<\/label>\n\t\t\t\t\t\t\t\t\t\t\t\t\t\t<input size=\"1\" type=\"text\" name=\"form_fields[field_e4ebc0d]\" id=\"form-field-field_e4ebc0d\" class=\"elementor-field elementor-size-sm  elementor-field-textual\">\n\t\t\t\t\t\t\t\t\t\t\t<\/div>\n\t\t\t\t\t\t\t\t<div class=\"elementor-field-type-text elementor-field-group elementor-column elementor-field-group-field_9748424 elementor-col-50\">\n\t\t\t\t\t\t\t\t\t\t\t\t<label for=\"form-field-field_9748424\" class=\"elementor-field-label\">\n\t\t\t\t\t\t\t\tNaslov\t\t\t\t\t\t\t<\/label>\n\t\t\t\t\t\t\t\t\t\t\t\t\t\t<input size=\"1\" type=\"text\" name=\"form_fields[field_9748424]\" id=\"form-field-field_9748424\" class=\"elementor-field elementor-size-sm  elementor-field-textual\">\n\t\t\t\t\t\t\t\t\t\t\t<\/div>\n\t\t\t\t\t\t\t\t<div class=\"elementor-field-type-number elementor-field-group elementor-column elementor-field-group-field_0d084a3 elementor-col-100\">\n\t\t\t\t\t\t\t\t\t\t\t\t<label for=\"form-field-field_0d084a3\" class=\"elementor-field-label\">\n\t\t\t\t\t\t\t\tLetnica rojstva otroka\t\t\t\t\t\t\t<\/label>\n\t\t\t\t\t\t\t\t\t<input type=\"number\" name=\"form_fields[field_0d084a3]\" id=\"form-field-field_0d084a3\" class=\"elementor-field elementor-size-sm  elementor-field-textual\" min=\"\" max=\"\" >\n\t\t\t\t\t\t<\/div>\n\t\t\t\t\t\t\t\t<div class=\"elementor-field-type-textarea elementor-field-group elementor-column elementor-field-group-message elementor-col-100\">\n\t\t\t\t\t\t\t\t\t\t\t\t<label for=\"form-field-message\" class=\"elementor-field-label\">\n\t\t\t\t\t\t\t\tVpra\u0161anja\t\t\t\t\t\t\t<\/label>\n\t\t\t\t\t\t<textarea class=\"elementor-field-textual elementor-field  elementor-size-sm\" name=\"form_fields[message]\" id=\"form-field-message\" rows=\"4\"><\/textarea>\t\t\t\t<\/div>\n\t\t\t\t\t\t\t\t<div class=\"elementor-field-group elementor-column elementor-field-type-submit elementor-col-100 e-form__buttons\">\n\t\t\t\t\t<button class=\"elementor-button elementor-size-sm\" type=\"submit\">\n\t\t\t\t\t\t<span class=\"elementor-button-content-wrapper\">\n\t\t\t\t\t\t\t\t\t\t\t\t\t\t\t\t\t\t\t\t\t\t<span class=\"elementor-button-text\">ODDAJ PRIJAVNICO<\/span>\n\t\t\t\t\t\t\t\t\t\t\t\t\t<\/span>\n\t\t\t\t\t<\/button>\n\t\t\t\t<\/div>\n\t\t\t<\/div>\n\t\t<\/form>\n\t\t\t\t<\/div>\n\t\t\t\t<\/div>\n\t\t\t\t\t<\/div>\n\t\t\t\t<\/div>\n\t\t\t\t\t<\/div>\n\t\t\t\t<\/div>\n\t\t\t\t<\/div>\n\t\t","protected":false},"excerpt":{"rendered":"<p>pridru\u017ei se nam Vabimo te, da Postane\u0161 Del Na\u0161e Smu\u010darske Dru\u017eine! Se \u017eeli\u0161 podati na smu\u010darske strmine v vzdu\u0161ju prijateljstva, \u0161portnega duha in odli\u010dnih rezultatov? Pridru\u017ei se Alpskemu smu\u010darskemu klubu Fu\u017einar (ASK) &#8211; domu smu\u010darskih navdu\u0161encev in bodo\u010dih \u0161portnih junakov! Zakaj postati del ASK Fu\u017einar dru\u017eine? Do\u017eivi tradicijo: S 100-letno zgodovino smo ponosni nosilci smu\u010darske [&hellip;]<\/p>\n","protected":false},"author":1,"featured_media":0,"parent":0,"menu_order":0,"comment_status":"closed","ping_status":"closed","template":"elementor_header_footer","meta":{"_acf_changed":false,"footnotes":""},"class_list":["post-168","page","type-page","status-publish","hentry"],"acf":[],"yoast_head":"<!-- This site is optimized with the Yoast SEO plugin v23.4 - https:\/\/yoast.com\/wordpress\/plugins\/seo\/ -->\n<title>Vpis - ASK Fu\u017einar<\/title>\n<meta name=\"robots\" content=\"index, follow, max-snippet:-1, max-image-preview:large, max-video-preview:-1\" \/>\n<link rel=\"canonical\" href=\"https:\/\/fervent-mcclintock.92-205-105-197.plesk.page\/index.php\/vpis\/\" \/>\n<meta property=\"og:locale\" content=\"en_US\" \/>\n<meta property=\"og:type\" content=\"article\" \/>\n<meta property=\"og:title\" content=\"Vpis - ASK Fu\u017einar\" \/>\n<meta property=\"og:description\" content=\"pridru\u017ei se nam Vabimo te, da Postane\u0161 Del Na\u0161e Smu\u010darske Dru\u017eine! Se \u017eeli\u0161 podati na smu\u010darske strmine v vzdu\u0161ju prijateljstva, \u0161portnega duha in odli\u010dnih rezultatov? Pridru\u017ei se Alpskemu smu\u010darskemu klubu Fu\u017einar (ASK) &#8211; domu smu\u010darskih navdu\u0161encev in bodo\u010dih \u0161portnih junakov! Zakaj postati del ASK Fu\u017einar dru\u017eine? Do\u017eivi tradicijo: S 100-letno zgodovino smo ponosni nosilci smu\u010darske [&hellip;]\" \/>\n<meta property=\"og:url\" content=\"https:\/\/fervent-mcclintock.92-205-105-197.plesk.page\/index.php\/vpis\/\" \/>\n<meta property=\"og:site_name\" content=\"ASK Fu\u017einar\" \/>\n<meta property=\"article:modified_time\" content=\"2024-01-11T21:41:03+00:00\" \/>\n<meta name=\"twitter:card\" content=\"summary_large_image\" \/>\n<meta name=\"twitter:label1\" content=\"Est. reading time\" \/>\n\t<meta name=\"twitter:data1\" content=\"2 minutes\" \/>\n<script type=\"application\/ld+json\" class=\"yoast-schema-graph\">{\"@context\":\"https:\/\/schema.org\",\"@graph\":[{\"@type\":\"WebPage\",\"@id\":\"https:\/\/fervent-mcclintock.92-205-105-197.plesk.page\/index.php\/vpis\/\",\"url\":\"https:\/\/fervent-mcclintock.92-205-105-197.plesk.page\/index.php\/vpis\/\",\"name\":\"Vpis - ASK Fu\u017einar\",\"isPartOf\":{\"@id\":\"https:\/\/fervent-mcclintock.92-205-105-197.plesk.page\/#website\"},\"datePublished\":\"2023-12-20T22:27:30+00:00\",\"dateModified\":\"2024-01-11T21:41:03+00:00\",\"breadcrumb\":{\"@id\":\"https:\/\/fervent-mcclintock.92-205-105-197.plesk.page\/index.php\/vpis\/#breadcrumb\"},\"inLanguage\":\"en-US\",\"potentialAction\":[{\"@type\":\"ReadAction\",\"target\":[\"https:\/\/fervent-mcclintock.92-205-105-197.plesk.page\/index.php\/vpis\/\"]}]},{\"@type\":\"BreadcrumbList\",\"@id\":\"https:\/\/fervent-mcclintock.92-205-105-197.plesk.page\/index.php\/vpis\/#breadcrumb\",\"itemListElement\":[{\"@type\":\"ListItem\",\"position\":1,\"name\":\"Home\",\"item\":\"https:\/\/fervent-mcclintock.92-205-105-197.plesk.page\/\"},{\"@type\":\"ListItem\",\"position\":2,\"name\":\"Vpis\"}]},{\"@type\":\"WebSite\",\"@id\":\"https:\/\/fervent-mcclintock.92-205-105-197.plesk.page\/#website\",\"url\":\"https:\/\/fervent-mcclintock.92-205-105-197.plesk.page\/\",\"name\":\"ASK Fu\u017einar\",\"description\":\"Alpski smu\u010darski klub Fu\u017einar\",\"publisher\":{\"@id\":\"https:\/\/fervent-mcclintock.92-205-105-197.plesk.page\/#organization\"},\"potentialAction\":[{\"@type\":\"SearchAction\",\"target\":{\"@type\":\"EntryPoint\",\"urlTemplate\":\"https:\/\/fervent-mcclintock.92-205-105-197.plesk.page\/?s={search_term_string}\"},\"query-input\":{\"@type\":\"PropertyValueSpecification\",\"valueRequired\":true,\"valueName\":\"search_term_string\"}}],\"inLanguage\":\"en-US\"},{\"@type\":\"Organization\",\"@id\":\"https:\/\/fervent-mcclintock.92-205-105-197.plesk.page\/#organization\",\"name\":\"ASK Fu\u017einar\",\"url\":\"https:\/\/fervent-mcclintock.92-205-105-197.plesk.page\/\",\"logo\":{\"@type\":\"ImageObject\",\"inLanguage\":\"en-US\",\"@id\":\"https:\/\/fervent-mcclintock.92-205-105-197.plesk.page\/#\/schema\/logo\/image\/\",\"url\":\"https:\/\/fervent-mcclintock.92-205-105-197.plesk.page\/wp-content\/uploads\/2023\/12\/logoASK.png\",\"contentUrl\":\"https:\/\/fervent-mcclintock.92-205-105-197.plesk.page\/wp-content\/uploads\/2023\/12\/logoASK.png\",\"width\":240,\"height\":203,\"caption\":\"ASK Fu\u017einar\"},\"image\":{\"@id\":\"https:\/\/fervent-mcclintock.92-205-105-197.plesk.page\/#\/schema\/logo\/image\/\"}}]}<\/script>\n<!-- \/ Yoast SEO plugin. -->","yoast_head_json":{"title":"Vpis - ASK Fu\u017einar","robots":{"index":"index","follow":"follow","max-snippet":"max-snippet:-1","max-image-preview":"max-image-preview:large","max-video-preview":"max-video-preview:-1"},"canonical":"https:\/\/fervent-mcclintock.92-205-105-197.plesk.page\/index.php\/vpis\/","og_locale":"en_US","og_type":"article","og_title":"Vpis - ASK Fu\u017einar","og_description":"pridru\u017ei se nam Vabimo te, da Postane\u0161 Del Na\u0161e Smu\u010darske Dru\u017eine! Se \u017eeli\u0161 podati na smu\u010darske strmine v vzdu\u0161ju prijateljstva, \u0161portnega duha in odli\u010dnih rezultatov? Pridru\u017ei se Alpskemu smu\u010darskemu klubu Fu\u017einar (ASK) &#8211; domu smu\u010darskih navdu\u0161encev in bodo\u010dih \u0161portnih junakov! Zakaj postati del ASK Fu\u017einar dru\u017eine? Do\u017eivi tradicijo: S 100-letno zgodovino smo ponosni nosilci smu\u010darske [&hellip;]","og_url":"https:\/\/fervent-mcclintock.92-205-105-197.plesk.page\/index.php\/vpis\/","og_site_name":"ASK Fu\u017einar","article_modified_time":"2024-01-11T21:41:03+00:00","twitter_card":"summary_large_image","twitter_misc":{"Est. reading time":"2 minutes"},"schema":{"@context":"https:\/\/schema.org","@graph":[{"@type":"WebPage","@id":"https:\/\/fervent-mcclintock.92-205-105-197.plesk.page\/index.php\/vpis\/","url":"https:\/\/fervent-mcclintock.92-205-105-197.plesk.page\/index.php\/vpis\/","name":"Vpis - ASK Fu\u017einar","isPartOf":{"@id":"https:\/\/fervent-mcclintock.92-205-105-197.plesk.page\/#website"},"datePublished":"2023-12-20T22:27:30+00:00","dateModified":"2024-01-11T21:41:03+00:00","breadcrumb":{"@id":"https:\/\/fervent-mcclintock.92-205-105-197.plesk.page\/index.php\/vpis\/#breadcrumb"},"inLanguage":"en-US","potentialAction":[{"@type":"ReadAction","target":["https:\/\/fervent-mcclintock.92-205-105-197.plesk.page\/index.php\/vpis\/"]}]},{"@type":"BreadcrumbList","@id":"https:\/\/fervent-mcclintock.92-205-105-197.plesk.page\/index.php\/vpis\/#breadcrumb","itemListElement":[{"@type":"ListItem","position":1,"name":"Home","item":"https:\/\/fervent-mcclintock.92-205-105-197.plesk.page\/"},{"@type":"ListItem","position":2,"name":"Vpis"}]},{"@type":"WebSite","@id":"https:\/\/fervent-mcclintock.92-205-105-197.plesk.page\/#website","url":"https:\/\/fervent-mcclintock.92-205-105-197.plesk.page\/","name":"ASK Fu\u017einar","description":"Alpski smu\u010darski klub Fu\u017einar","publisher":{"@id":"https:\/\/fervent-mcclintock.92-205-105-197.plesk.page\/#organization"},"potentialAction":[{"@type":"SearchAction","target":{"@type":"EntryPoint","urlTemplate":"https:\/\/fervent-mcclintock.92-205-105-197.plesk.page\/?s={search_term_string}"},"query-input":{"@type":"PropertyValueSpecification","valueRequired":true,"valueName":"search_term_string"}}],"inLanguage":"en-US"},{"@type":"Organization","@id":"https:\/\/fervent-mcclintock.92-205-105-197.plesk.page\/#organization","name":"ASK Fu\u017einar","url":"https:\/\/fervent-mcclintock.92-205-105-197.plesk.page\/","logo":{"@type":"ImageObject","inLanguage":"en-US","@id":"https:\/\/fervent-mcclintock.92-205-105-197.plesk.page\/#\/schema\/logo\/image\/","url":"https:\/\/fervent-mcclintock.92-205-105-197.plesk.page\/wp-content\/uploads\/2023\/12\/logoASK.png","contentUrl":"https:\/\/fervent-mcclintock.92-205-105-197.plesk.page\/wp-content\/uploads\/2023\/12\/logoASK.png","width":240,"height":203,"caption":"ASK Fu\u017einar"},"image":{"@id":"https:\/\/fervent-mcclintock.92-205-105-197.plesk.page\/#\/schema\/logo\/image\/"}}]}},"_links":{"self":[{"href":"https:\/\/fervent-mcclintock.92-205-105-197.plesk.page\/index.php\/wp-json\/wp\/v2\/pages\/168","targetHints":{"allow":["GET"]}}],"collection":[{"href":"https:\/\/fervent-mcclintock.92-205-105-197.plesk.page\/index.php\/wp-json\/wp\/v2\/pages"}],"about":[{"href":"https:\/\/fervent-mcclintock.92-205-105-197.plesk.page\/index.php\/wp-json\/wp\/v2\/types\/page"}],"author":[{"embeddable":true,"href":"https:\/\/fervent-mcclintock.92-205-105-197.plesk.page\/index.php\/wp-json\/wp\/v2\/users\/1"}],"replies":[{"embeddable":true,"href":"https:\/\/fervent-mcclintock.92-205-105-197.plesk.page\/index.php\/wp-json\/wp\/v2\/comments?post=168"}],"version-history":[{"count":29,"href":"https:\/\/fervent-mcclintock.92-205-105-197.plesk.page\/index.php\/wp-json\/wp\/v2\/pages\/168\/revisions"}],"predecessor-version":[{"id":595,"href":"https:\/\/fervent-mcclintock.92-205-105-197.plesk.page\/index.php\/wp-json\/wp\/v2\/pages\/168\/revisions\/595"}],"wp:attachment":[{"href":"https:\/\/fervent-mcclintock.92-205-105-197.plesk.page\/index.php\/wp-json\/wp\/v2\/media?parent=168"}],"curies":[{"name":"wp","href":"https:\/\/api.w.org\/{rel}","templated":true}]}}